{"id":419,"date":"2023-02-24T11:49:49","date_gmt":"2023-02-24T14:49:49","guid":{"rendered":"https:\/\/kawamuraconstrucoes.com.br\/site\/?page_id=419"},"modified":"2023-02-24T17:23:58","modified_gmt":"2023-02-24T20:23:58","slug":"conheca-a-kawamura","status":"publish","type":"page","link":"https:\/\/kawamuraconstrucoes.com.br\/site\/index.php\/conheca-a-kawamura\/","title":{"rendered":"Conhe\u00e7a a Kawamura"},"content":{"rendered":"<p>Conhe\u00e7a um pouco da nossa empresa e nossa Miss\u00e3o, Vis\u00e3o e Valores.<\/p>\n\n\n<div class=\"is-layout-flex wp-block-buttons\">\n<div class=\"wp-block-button\"><a class=\"wp-block-button__link wp-element-button\" href=\"https:\/\/kawamuraconstrucoes.com.br\/site\/index.php\/kawamura-construcoes\/\">Saiba mais<\/a><\/div>\n<\/div>\n","protected":false},"excerpt":{"rendered":"<p>Conhe\u00e7a um pouco da nossa empresa e nossa Miss\u00e3o, Vis\u00e3o e Valores.<\/p>\n","protected":false},"author":1,"featured_media":456,"parent":0,"menu_order":0,"comment_status":"closed","ping_status":"closed","template":"","meta":[],"yoast_head":"<!-- This site is optimized with the Yoast SEO plugin v20.1 - https:\/\/yoast.com\/wordpress\/plugins\/seo\/ -->\n<title>Conhe\u00e7a a Kawamura - Kawamura Constru\u00e7\u00f5es<\/title>\n<meta name=\"robots\" content=\"index, follow, max-snippet:-1, max-image-preview:large, max-video-preview:-1\" \/>\n<link rel=\"canonical\" href=\"https:\/\/kawamuraconstrucoes.com.br\/site\/index.php\/conheca-a-kawamura\/\" \/>\n<meta property=\"og:locale\" content=\"pt_BR\" \/>\n<meta property=\"og:type\" content=\"article\" \/>\n<meta property=\"og:title\" content=\"Conhe\u00e7a a Kawamura - Kawamura Constru\u00e7\u00f5es\" \/>\n<meta property=\"og:description\" content=\"Conhe\u00e7a um pouco da nossa empresa e nossa Miss\u00e3o, Vis\u00e3o e Valores.\" \/>\n<meta property=\"og:url\" content=\"https:\/\/kawamuraconstrucoes.com.br\/site\/index.php\/conheca-a-kawamura\/\" \/>\n<meta property=\"og:site_name\" content=\"Kawamura Constru\u00e7\u00f5es\" \/>\n<meta property=\"article:publisher\" content=\"https:\/\/www.facebook.com\/kawamuraconstrucoes\/\" \/>\n<meta property=\"article:modified_time\" content=\"2023-02-24T20:23:58+00:00\" \/>\n<meta property=\"og:image\" content=\"https:\/\/kawamuraconstrucoes.com.br\/site\/wp-content\/uploads\/2023\/02\/kawamura_quem-somos.jpg\" \/>\n\t<meta property=\"og:image:width\" content=\"810\" \/>\n\t<meta property=\"og:image:height\" content=\"541\" \/>\n\t<meta property=\"og:image:type\" content=\"image\/jpeg\" \/>\n<meta name=\"twitter:card\" content=\"summary_large_image\" \/>\n<script type=\"application\/ld+json\" class=\"yoast-schema-graph\">{\"@context\":\"https:\/\/schema.org\",\"@graph\":[{\"@type\":\"WebPage\",\"@id\":\"https:\/\/kawamuraconstrucoes.com.br\/site\/index.php\/conheca-a-kawamura\/\",\"url\":\"https:\/\/kawamuraconstrucoes.com.br\/site\/index.php\/conheca-a-kawamura\/\",\"name\":\"Conhe\u00e7a a Kawamura - Kawamura Constru\u00e7\u00f5es\",\"isPartOf\":{\"@id\":\"https:\/\/kawamuraconstrucoes.com.br\/site\/#website\"},\"datePublished\":\"2023-02-24T14:49:49+00:00\",\"dateModified\":\"2023-02-24T20:23:58+00:00\",\"breadcrumb\":{\"@id\":\"https:\/\/kawamuraconstrucoes.com.br\/site\/index.php\/conheca-a-kawamura\/#breadcrumb\"},\"inLanguage\":\"pt-BR\",\"potentialAction\":[{\"@type\":\"ReadAction\",\"target\":[\"https:\/\/kawamuraconstrucoes.com.br\/site\/index.php\/conheca-a-kawamura\/\"]}]},{\"@type\":\"BreadcrumbList\",\"@id\":\"https:\/\/kawamuraconstrucoes.com.br\/site\/index.php\/conheca-a-kawamura\/#breadcrumb\",\"itemListElement\":[{\"@type\":\"ListItem\",\"position\":1,\"name\":\"In\u00edcio\",\"item\":\"https:\/\/kawamuraconstrucoes.com.br\/site\/\"},{\"@type\":\"ListItem\",\"position\":2,\"name\":\"Conhe\u00e7a a Kawamura\"}]},{\"@type\":\"WebSite\",\"@id\":\"https:\/\/kawamuraconstrucoes.com.br\/site\/#website\",\"url\":\"https:\/\/kawamuraconstrucoes.com.br\/site\/\",\"name\":\"Kawamura Constru\u00e7\u00f5es\",\"description\":\"\",\"publisher\":{\"@id\":\"https:\/\/kawamuraconstrucoes.com.br\/site\/#organization\"},\"alternateName\":\"Kawamura\",\"potentialAction\":[{\"@type\":\"SearchAction\",\"target\":{\"@type\":\"EntryPoint\",\"urlTemplate\":\"https:\/\/kawamuraconstrucoes.com.br\/site\/?s={search_term_string}\"},\"query-input\":\"required name=search_term_string\"}],\"inLanguage\":\"pt-BR\"},{\"@type\":\"Organization\",\"@id\":\"https:\/\/kawamuraconstrucoes.com.br\/site\/#organization\",\"name\":\"Kawamura Constru\u00e7\u00f5es\",\"alternateName\":\"Kawamura\",\"url\":\"https:\/\/kawamuraconstrucoes.com.br\/site\/\",\"logo\":{\"@type\":\"ImageObject\",\"inLanguage\":\"pt-BR\",\"@id\":\"https:\/\/kawamuraconstrucoes.com.br\/site\/#\/schema\/logo\/image\/\",\"url\":\"https:\/\/kawamuraconstrucoes.com.br\/site\/wp-content\/uploads\/2023\/02\/logo.png\",\"contentUrl\":\"https:\/\/kawamuraconstrucoes.com.br\/site\/wp-content\/uploads\/2023\/02\/logo.png\",\"width\":526,\"height\":527,\"caption\":\"Kawamura Constru\u00e7\u00f5es\"},\"image\":{\"@id\":\"https:\/\/kawamuraconstrucoes.com.br\/site\/#\/schema\/logo\/image\/\"},\"sameAs\":[\"https:\/\/www.facebook.com\/kawamuraconstrucoes\/\",\"https:\/\/www.instagram.com\/kawamuraconstrucoes\/\"]}]}<\/script>\n<!-- \/ Yoast SEO plugin. -->","yoast_head_json":{"title":"Conhe\u00e7a a Kawamura - Kawamura Constru\u00e7\u00f5es","robots":{"index":"index","follow":"follow","max-snippet":"max-snippet:-1","max-image-preview":"max-image-preview:large","max-video-preview":"max-video-preview:-1"},"canonical":"https:\/\/kawamuraconstrucoes.com.br\/site\/index.php\/conheca-a-kawamura\/","og_locale":"pt_BR","og_type":"article","og_title":"Conhe\u00e7a a Kawamura - Kawamura Constru\u00e7\u00f5es","og_description":"Conhe\u00e7a um pouco da nossa empresa e nossa Miss\u00e3o, Vis\u00e3o e Valores.","og_url":"https:\/\/kawamuraconstrucoes.com.br\/site\/index.php\/conheca-a-kawamura\/","og_site_name":"Kawamura Constru\u00e7\u00f5es","article_publisher":"https:\/\/www.facebook.com\/kawamuraconstrucoes\/","article_modified_time":"2023-02-24T20:23:58+00:00","og_image":[{"width":810,"height":541,"url":"https:\/\/kawamuraconstrucoes.com.br\/site\/wp-content\/uploads\/2023\/02\/kawamura_quem-somos.jpg","type":"image\/jpeg"}],"twitter_card":"summary_large_image","schema":{"@context":"https:\/\/schema.org","@graph":[{"@type":"WebPage","@id":"https:\/\/kawamuraconstrucoes.com.br\/site\/index.php\/conheca-a-kawamura\/","url":"https:\/\/kawamuraconstrucoes.com.br\/site\/index.php\/conheca-a-kawamura\/","name":"Conhe\u00e7a a Kawamura - Kawamura Constru\u00e7\u00f5es","isPartOf":{"@id":"https:\/\/kawamuraconstrucoes.com.br\/site\/#website"},"datePublished":"2023-02-24T14:49:49+00:00","dateModified":"2023-02-24T20:23:58+00:00","breadcrumb":{"@id":"https:\/\/kawamuraconstrucoes.com.br\/site\/index.php\/conheca-a-kawamura\/#breadcrumb"},"inLanguage":"pt-BR","potentialAction":[{"@type":"ReadAction","target":["https:\/\/kawamuraconstrucoes.com.br\/site\/index.php\/conheca-a-kawamura\/"]}]},{"@type":"BreadcrumbList","@id":"https:\/\/kawamuraconstrucoes.com.br\/site\/index.php\/conheca-a-kawamura\/#breadcrumb","itemListElement":[{"@type":"ListItem","position":1,"name":"In\u00edcio","item":"https:\/\/kawamuraconstrucoes.com.br\/site\/"},{"@type":"ListItem","position":2,"name":"Conhe\u00e7a a Kawamura"}]},{"@type":"WebSite","@id":"https:\/\/kawamuraconstrucoes.com.br\/site\/#website","url":"https:\/\/kawamuraconstrucoes.com.br\/site\/","name":"Kawamura Constru\u00e7\u00f5es","description":"","publisher":{"@id":"https:\/\/kawamuraconstrucoes.com.br\/site\/#organization"},"alternateName":"Kawamura","potentialAction":[{"@type":"SearchAction","target":{"@type":"EntryPoint","urlTemplate":"https:\/\/kawamuraconstrucoes.com.br\/site\/?s={search_term_string}"},"query-input":"required name=search_term_string"}],"inLanguage":"pt-BR"},{"@type":"Organization","@id":"https:\/\/kawamuraconstrucoes.com.br\/site\/#organization","name":"Kawamura Constru\u00e7\u00f5es","alternateName":"Kawamura","url":"https:\/\/kawamuraconstrucoes.com.br\/site\/","logo":{"@type":"ImageObject","inLanguage":"pt-BR","@id":"https:\/\/kawamuraconstrucoes.com.br\/site\/#\/schema\/logo\/image\/","url":"https:\/\/kawamuraconstrucoes.com.br\/site\/wp-content\/uploads\/2023\/02\/logo.png","contentUrl":"https:\/\/kawamuraconstrucoes.com.br\/site\/wp-content\/uploads\/2023\/02\/logo.png","width":526,"height":527,"caption":"Kawamura Constru\u00e7\u00f5es"},"image":{"@id":"https:\/\/kawamuraconstrucoes.com.br\/site\/#\/schema\/logo\/image\/"},"sameAs":["https:\/\/www.facebook.com\/kawamuraconstrucoes\/","https:\/\/www.instagram.com\/kawamuraconstrucoes\/"]}]}},"_links":{"self":[{"href":"https:\/\/kawamuraconstrucoes.com.br\/site\/index.php\/wp-json\/wp\/v2\/pages\/419"}],"collection":[{"href":"https:\/\/kawamuraconstrucoes.com.br\/site\/index.php\/wp-json\/wp\/v2\/pages"}],"about":[{"href":"https:\/\/kawamuraconstrucoes.com.br\/site\/index.php\/wp-json\/wp\/v2\/types\/page"}],"author":[{"embeddable":true,"href":"https:\/\/kawamuraconstrucoes.com.br\/site\/index.php\/wp-json\/wp\/v2\/users\/1"}],"replies":[{"embeddable":true,"href":"https:\/\/kawamuraconstrucoes.com.br\/site\/index.php\/wp-json\/wp\/v2\/comments?post=419"}],"version-history":[{"count":2,"href":"https:\/\/kawamuraconstrucoes.com.br\/site\/index.php\/wp-json\/wp\/v2\/pages\/419\/revisions"}],"predecessor-version":[{"id":422,"href":"https:\/\/kawamuraconstrucoes.com.br\/site\/index.php\/wp-json\/wp\/v2\/pages\/419\/revisions\/422"}],"wp:featuredmedia":[{"embeddable":true,"href":"https:\/\/kawamuraconstrucoes.com.br\/site\/index.php\/wp-json\/wp\/v2\/media\/456"}],"wp:attachment":[{"href":"https:\/\/kawamuraconstrucoes.com.br\/site\/index.php\/wp-json\/wp\/v2\/media?parent=419"}],"curies":[{"name":"wp","href":"https:\/\/api.w.org\/{rel}","templated":true}]}}