{"id":22,"date":"2023-02-08T16:55:09","date_gmt":"2023-02-08T19:55:09","guid":{"rendered":"https:\/\/kawamuraconstrucoes.com.br\/site\/?page_id=22"},"modified":"2023-05-22T08:32:45","modified_gmt":"2023-05-22T11:32:45","slug":"kawamura-construcoes","status":"publish","type":"page","link":"https:\/\/kawamuraconstrucoes.com.br\/site\/index.php\/kawamura-construcoes\/","title":{"rendered":"Kawamura Constru\u00e7\u00f5es"},"content":{"rendered":"\n<p class=\"has-x-large-font-size\"><strong>Um pouco da nossa Empresa<\/strong><\/p>\n\n\n\n<div style=\"height:30px\" aria-hidden=\"true\" class=\"wp-block-spacer\"><\/div>\n\n\n<div class=\"wp-block-image\">\n<figure class=\"alignleft size-full\"><img decoding=\"async\" loading=\"lazy\" width=\"955\" height=\"527\" src=\"https:\/\/kawamuraconstrucoes.com.br\/site\/wp-content\/uploads\/2023\/02\/fachada-da-construtora.png\" alt=\"\" class=\"wp-image-391\" srcset=\"https:\/\/kawamuraconstrucoes.com.br\/site\/wp-content\/uploads\/2023\/02\/fachada-da-construtora.png 955w, https:\/\/kawamuraconstrucoes.com.br\/site\/wp-content\/uploads\/2023\/02\/fachada-da-construtora-300x166.png 300w, https:\/\/kawamuraconstrucoes.com.br\/site\/wp-content\/uploads\/2023\/02\/fachada-da-construtora-768x424.png 768w\" sizes=\"(max-width: 955px) 100vw, 955px\" \/><figcaption class=\"wp-element-caption\">Kawamura Leme &#8211; Matriz<\/figcaption><\/figure><\/div>\n\n\n<div style=\"height:10px\" aria-hidden=\"true\" class=\"wp-block-spacer\"><\/div>\n\n\n\n<p>N\u00f3s da Kawamura Constru\u00e7\u00f5es, somos especialistas em obras padr\u00e3o Minha Casa, Minha Vida, m\u00e9dio e alto padr\u00e3o, atuando na vanguarda do que h\u00e1 de melhor e mais moderno em tecnologia da constru\u00e7\u00e3o civil. Trabalhamos com projetos, damos assessoria para financiamentos, acompanhamento, execu\u00e7\u00e3o e inspe\u00e7\u00e3o final de cada obra. Nosso time de profissionais proporciona atendimento exclusivo e personalizado adequando objetivos, al\u00e9m do compromisso do cumprimento de todos os cronogramas e valores contratados, garantindo a tranquilidade e expectativas de nossos clientes.<\/p>\n\n\n\n<div style=\"height:60px\" aria-hidden=\"true\" class=\"wp-block-spacer\"><\/div>\n\n\n\n<figure class=\"wp-block-image size-full\"><img decoding=\"async\" loading=\"lazy\" width=\"955\" height=\"527\" src=\"https:\/\/kawamuraconstrucoes.com.br\/site\/wp-content\/uploads\/2023\/02\/filial_pirassununga.jpg\" alt=\"\" class=\"wp-image-399\" srcset=\"https:\/\/kawamuraconstrucoes.com.br\/site\/wp-content\/uploads\/2023\/02\/filial_pirassununga.jpg 955w, https:\/\/kawamuraconstrucoes.com.br\/site\/wp-content\/uploads\/2023\/02\/filial_pirassununga-300x166.jpg 300w, https:\/\/kawamuraconstrucoes.com.br\/site\/wp-content\/uploads\/2023\/02\/filial_pirassununga-768x424.jpg 768w\" sizes=\"(max-width: 955px) 100vw, 955px\" \/><figcaption class=\"wp-element-caption\">Kawamura Pirassununga &#8211; Filial<\/figcaption><\/figure>\n\n\n\n<div style=\"height:10px\" aria-hidden=\"true\" class=\"wp-block-spacer\"><\/div>\n\n\n\n<p>Inaugurada no dia 21 de janeiro de 2023, na cidade de Pirassununga, interior de S\u00e3o Paulo, nossa filial est\u00e1 localizada estrategicamente no centro da cidade, pr\u00f3ximo a Caixa Econ\u00f4mica.<\/p>\n\n\n\n<div style=\"height:80px\" aria-hidden=\"true\" class=\"wp-block-spacer\"><\/div>\n\n\n\n<p class=\"has-x-large-font-size\"><strong>Miss\u00e3o, vis\u00e3o e valores<\/strong><\/p>\n\n\n\n<div style=\"height:30px\" aria-hidden=\"true\" class=\"wp-block-spacer\"><\/div>\n\n\n\n<p><strong>MISS\u00c3O<\/strong><br>Nossa Miss\u00e3o \u00e9 realizar sonhos. Nascemos para ajudar voc\u00ea com muito trabalho e dedica\u00e7\u00e3o.<\/p>\n\n\n\n<div style=\"height:20px\" aria-hidden=\"true\" class=\"wp-block-spacer\"><\/div>\n\n\n\n<p><strong>VIS\u00c3O<\/strong><br>Nossa Vis\u00e3o \u00e9 satisfazer o cliente entregando em suas m\u00e3os o sonho realizado! As chaves nas m\u00e3os. Ser refer\u00eancia de qualidade e \u00e9tica no ramo da constru\u00e7\u00e3o residencial, promovendo sucesso pessoal e profissional, bem como a evolu\u00e7\u00e3o cont\u00ednua.<\/p>\n\n\n\n<div style=\"height:20px\" aria-hidden=\"true\" class=\"wp-block-spacer\"><\/div>\n\n\n\n<p><strong>VALORES<\/strong><br>Comprometimento di\u00e1rio, foco no resultado, aten\u00e7\u00e3o aos detalhes, seguir as normas da ABNT, NBR e normas do ramo s\u00e3o alguns dos nossos valores prezados. Lucratividade, vender qualidade e entregar mais que o combinado s\u00e3o alavancas para a concretiza\u00e7\u00e3o do que a Construtora Kawamura preza.<\/p>\n","protected":false},"excerpt":{"rendered":"<p>Um pouco da nossa Empresa N\u00f3s da Kawamura Constru\u00e7\u00f5es, somos especialistas em obras padr\u00e3o Minha Casa, Minha Vida, m\u00e9dio e alto padr\u00e3o, atuando na vanguarda do que h\u00e1 de melhor e mais moderno em tecnologia da constru\u00e7\u00e3o civil. Trabalhamos com projetos, damos assessoria para financiamentos, acompanhamento, execu\u00e7\u00e3o e inspe\u00e7\u00e3o final de cada obra. Nosso time [&hellip;]<\/p>\n","protected":false},"author":1,"featured_media":284,"parent":0,"menu_order":0,"comment_status":"closed","ping_status":"closed","template":"","meta":[],"yoast_head":"<!-- This site is optimized with the Yoast SEO plugin v20.1 - https:\/\/yoast.com\/wordpress\/plugins\/seo\/ -->\n<title>Kawamura Constru\u00e7\u00f5es - Kawamura Constru\u00e7\u00f5es<\/title>\n<meta name=\"robots\" content=\"index, follow, max-snippet:-1, max-image-preview:large, max-video-preview:-1\" \/>\n<link rel=\"canonical\" href=\"https:\/\/kawamuraconstrucoes.com.br\/site\/index.php\/kawamura-construcoes\/\" \/>\n<meta property=\"og:locale\" content=\"pt_BR\" \/>\n<meta property=\"og:type\" content=\"article\" \/>\n<meta property=\"og:title\" content=\"Kawamura Constru\u00e7\u00f5es - Kawamura Constru\u00e7\u00f5es\" \/>\n<meta property=\"og:description\" content=\"Um pouco da nossa Empresa N\u00f3s da Kawamura Constru\u00e7\u00f5es, somos especialistas em obras padr\u00e3o Minha Casa, Minha Vida, m\u00e9dio e alto padr\u00e3o, atuando na vanguarda do que h\u00e1 de melhor e mais moderno em tecnologia da constru\u00e7\u00e3o civil. Trabalhamos com projetos, damos assessoria para financiamentos, acompanhamento, execu\u00e7\u00e3o e inspe\u00e7\u00e3o final de cada obra. Nosso time [&hellip;]\" \/>\n<meta property=\"og:url\" content=\"https:\/\/kawamuraconstrucoes.com.br\/site\/index.php\/kawamura-construcoes\/\" \/>\n<meta property=\"og:site_name\" content=\"Kawamura Constru\u00e7\u00f5es\" \/>\n<meta property=\"article:publisher\" content=\"https:\/\/www.facebook.com\/kawamuraconstrucoes\/\" \/>\n<meta property=\"article:modified_time\" content=\"2023-05-22T11:32:45+00:00\" \/>\n<meta property=\"og:image\" content=\"https:\/\/kawamuraconstrucoes.com.br\/site\/wp-content\/uploads\/2023\/02\/equipe3-scaled.jpg\" \/>\n\t<meta property=\"og:image:width\" content=\"2560\" \/>\n\t<meta property=\"og:image:height\" content=\"1707\" \/>\n\t<meta property=\"og:image:type\" content=\"image\/jpeg\" \/>\n<meta name=\"twitter:card\" content=\"summary_large_image\" \/>\n<meta name=\"twitter:label1\" content=\"Est. tempo de leitura\" \/>\n\t<meta name=\"twitter:data1\" content=\"2 minutos\" \/>\n<script type=\"application\/ld+json\" class=\"yoast-schema-graph\">{\"@context\":\"https:\/\/schema.org\",\"@graph\":[{\"@type\":\"WebPage\",\"@id\":\"https:\/\/kawamuraconstrucoes.com.br\/site\/index.php\/kawamura-construcoes\/\",\"url\":\"https:\/\/kawamuraconstrucoes.com.br\/site\/index.php\/kawamura-construcoes\/\",\"name\":\"Kawamura Constru\u00e7\u00f5es - Kawamura Constru\u00e7\u00f5es\",\"isPartOf\":{\"@id\":\"https:\/\/kawamuraconstrucoes.com.br\/site\/#website\"},\"datePublished\":\"2023-02-08T19:55:09+00:00\",\"dateModified\":\"2023-05-22T11:32:45+00:00\",\"breadcrumb\":{\"@id\":\"https:\/\/kawamuraconstrucoes.com.br\/site\/index.php\/kawamura-construcoes\/#breadcrumb\"},\"inLanguage\":\"pt-BR\",\"potentialAction\":[{\"@type\":\"ReadAction\",\"target\":[\"https:\/\/kawamuraconstrucoes.com.br\/site\/index.php\/kawamura-construcoes\/\"]}]},{\"@type\":\"BreadcrumbList\",\"@id\":\"https:\/\/kawamuraconstrucoes.com.br\/site\/index.php\/kawamura-construcoes\/#breadcrumb\",\"itemListElement\":[{\"@type\":\"ListItem\",\"position\":1,\"name\":\"In\u00edcio\",\"item\":\"https:\/\/kawamuraconstrucoes.com.br\/site\/\"},{\"@type\":\"ListItem\",\"position\":2,\"name\":\"Kawamura Constru\u00e7\u00f5es\"}]},{\"@type\":\"WebSite\",\"@id\":\"https:\/\/kawamuraconstrucoes.com.br\/site\/#website\",\"url\":\"https:\/\/kawamuraconstrucoes.com.br\/site\/\",\"name\":\"Kawamura Constru\u00e7\u00f5es\",\"description\":\"\",\"publisher\":{\"@id\":\"https:\/\/kawamuraconstrucoes.com.br\/site\/#organization\"},\"alternateName\":\"Kawamura\",\"potentialAction\":[{\"@type\":\"SearchAction\",\"target\":{\"@type\":\"EntryPoint\",\"urlTemplate\":\"https:\/\/kawamuraconstrucoes.com.br\/site\/?s={search_term_string}\"},\"query-input\":\"required name=search_term_string\"}],\"inLanguage\":\"pt-BR\"},{\"@type\":\"Organization\",\"@id\":\"https:\/\/kawamuraconstrucoes.com.br\/site\/#organization\",\"name\":\"Kawamura Constru\u00e7\u00f5es\",\"alternateName\":\"Kawamura\",\"url\":\"https:\/\/kawamuraconstrucoes.com.br\/site\/\",\"logo\":{\"@type\":\"ImageObject\",\"inLanguage\":\"pt-BR\",\"@id\":\"https:\/\/kawamuraconstrucoes.com.br\/site\/#\/schema\/logo\/image\/\",\"url\":\"https:\/\/kawamuraconstrucoes.com.br\/site\/wp-content\/uploads\/2023\/02\/logo.png\",\"contentUrl\":\"https:\/\/kawamuraconstrucoes.com.br\/site\/wp-content\/uploads\/2023\/02\/logo.png\",\"width\":526,\"height\":527,\"caption\":\"Kawamura Constru\u00e7\u00f5es\"},\"image\":{\"@id\":\"https:\/\/kawamuraconstrucoes.com.br\/site\/#\/schema\/logo\/image\/\"},\"sameAs\":[\"https:\/\/www.facebook.com\/kawamuraconstrucoes\/\",\"https:\/\/www.instagram.com\/kawamuraconstrucoes\/\"]}]}<\/script>\n<!-- \/ Yoast SEO plugin. -->","yoast_head_json":{"title":"Kawamura Constru\u00e7\u00f5es - Kawamura Constru\u00e7\u00f5es","robots":{"index":"index","follow":"follow","max-snippet":"max-snippet:-1","max-image-preview":"max-image-preview:large","max-video-preview":"max-video-preview:-1"},"canonical":"https:\/\/kawamuraconstrucoes.com.br\/site\/index.php\/kawamura-construcoes\/","og_locale":"pt_BR","og_type":"article","og_title":"Kawamura Constru\u00e7\u00f5es - Kawamura Constru\u00e7\u00f5es","og_description":"Um pouco da nossa Empresa N\u00f3s da Kawamura Constru\u00e7\u00f5es, somos especialistas em obras padr\u00e3o Minha Casa, Minha Vida, m\u00e9dio e alto padr\u00e3o, atuando na vanguarda do que h\u00e1 de melhor e mais moderno em tecnologia da constru\u00e7\u00e3o civil. Trabalhamos com projetos, damos assessoria para financiamentos, acompanhamento, execu\u00e7\u00e3o e inspe\u00e7\u00e3o final de cada obra. Nosso time [&hellip;]","og_url":"https:\/\/kawamuraconstrucoes.com.br\/site\/index.php\/kawamura-construcoes\/","og_site_name":"Kawamura Constru\u00e7\u00f5es","article_publisher":"https:\/\/www.facebook.com\/kawamuraconstrucoes\/","article_modified_time":"2023-05-22T11:32:45+00:00","og_image":[{"width":2560,"height":1707,"url":"https:\/\/kawamuraconstrucoes.com.br\/site\/wp-content\/uploads\/2023\/02\/equipe3-scaled.jpg","type":"image\/jpeg"}],"twitter_card":"summary_large_image","twitter_misc":{"Est. tempo de leitura":"2 minutos"},"schema":{"@context":"https:\/\/schema.org","@graph":[{"@type":"WebPage","@id":"https:\/\/kawamuraconstrucoes.com.br\/site\/index.php\/kawamura-construcoes\/","url":"https:\/\/kawamuraconstrucoes.com.br\/site\/index.php\/kawamura-construcoes\/","name":"Kawamura Constru\u00e7\u00f5es - Kawamura Constru\u00e7\u00f5es","isPartOf":{"@id":"https:\/\/kawamuraconstrucoes.com.br\/site\/#website"},"datePublished":"2023-02-08T19:55:09+00:00","dateModified":"2023-05-22T11:32:45+00:00","breadcrumb":{"@id":"https:\/\/kawamuraconstrucoes.com.br\/site\/index.php\/kawamura-construcoes\/#breadcrumb"},"inLanguage":"pt-BR","potentialAction":[{"@type":"ReadAction","target":["https:\/\/kawamuraconstrucoes.com.br\/site\/index.php\/kawamura-construcoes\/"]}]},{"@type":"BreadcrumbList","@id":"https:\/\/kawamuraconstrucoes.com.br\/site\/index.php\/kawamura-construcoes\/#breadcrumb","itemListElement":[{"@type":"ListItem","position":1,"name":"In\u00edcio","item":"https:\/\/kawamuraconstrucoes.com.br\/site\/"},{"@type":"ListItem","position":2,"name":"Kawamura Constru\u00e7\u00f5es"}]},{"@type":"WebSite","@id":"https:\/\/kawamuraconstrucoes.com.br\/site\/#website","url":"https:\/\/kawamuraconstrucoes.com.br\/site\/","name":"Kawamura Constru\u00e7\u00f5es","description":"","publisher":{"@id":"https:\/\/kawamuraconstrucoes.com.br\/site\/#organization"},"alternateName":"Kawamura","potentialAction":[{"@type":"SearchAction","target":{"@type":"EntryPoint","urlTemplate":"https:\/\/kawamuraconstrucoes.com.br\/site\/?s={search_term_string}"},"query-input":"required name=search_term_string"}],"inLanguage":"pt-BR"},{"@type":"Organization","@id":"https:\/\/kawamuraconstrucoes.com.br\/site\/#organization","name":"Kawamura Constru\u00e7\u00f5es","alternateName":"Kawamura","url":"https:\/\/kawamuraconstrucoes.com.br\/site\/","logo":{"@type":"ImageObject","inLanguage":"pt-BR","@id":"https:\/\/kawamuraconstrucoes.com.br\/site\/#\/schema\/logo\/image\/","url":"https:\/\/kawamuraconstrucoes.com.br\/site\/wp-content\/uploads\/2023\/02\/logo.png","contentUrl":"https:\/\/kawamuraconstrucoes.com.br\/site\/wp-content\/uploads\/2023\/02\/logo.png","width":526,"height":527,"caption":"Kawamura Constru\u00e7\u00f5es"},"image":{"@id":"https:\/\/kawamuraconstrucoes.com.br\/site\/#\/schema\/logo\/image\/"},"sameAs":["https:\/\/www.facebook.com\/kawamuraconstrucoes\/","https:\/\/www.instagram.com\/kawamuraconstrucoes\/"]}]}},"_links":{"self":[{"href":"https:\/\/kawamuraconstrucoes.com.br\/site\/index.php\/wp-json\/wp\/v2\/pages\/22"}],"collection":[{"href":"https:\/\/kawamuraconstrucoes.com.br\/site\/index.php\/wp-json\/wp\/v2\/pages"}],"about":[{"href":"https:\/\/kawamuraconstrucoes.com.br\/site\/index.php\/wp-json\/wp\/v2\/types\/page"}],"author":[{"embeddable":true,"href":"https:\/\/kawamuraconstrucoes.com.br\/site\/index.php\/wp-json\/wp\/v2\/users\/1"}],"replies":[{"embeddable":true,"href":"https:\/\/kawamuraconstrucoes.com.br\/site\/index.php\/wp-json\/wp\/v2\/comments?post=22"}],"version-history":[{"count":32,"href":"https:\/\/kawamuraconstrucoes.com.br\/site\/index.php\/wp-json\/wp\/v2\/pages\/22\/revisions"}],"predecessor-version":[{"id":883,"href":"https:\/\/kawamuraconstrucoes.com.br\/site\/index.php\/wp-json\/wp\/v2\/pages\/22\/revisions\/883"}],"wp:featuredmedia":[{"embeddable":true,"href":"https:\/\/kawamuraconstrucoes.com.br\/site\/index.php\/wp-json\/wp\/v2\/media\/284"}],"wp:attachment":[{"href":"https:\/\/kawamuraconstrucoes.com.br\/site\/index.php\/wp-json\/wp\/v2\/media?parent=22"}],"curies":[{"name":"wp","href":"https:\/\/api.w.org\/{rel}","templated":true}]}}